{"id":12,"date":"2024-05-23T17:33:05","date_gmt":"2024-05-23T17:33:05","guid":{"rendered":"https:\/\/karstorps.se\/?page_id=12"},"modified":"2024-05-23T17:33:05","modified_gmt":"2024-05-23T17:33:05","slug":"hem","status":"publish","type":"page","link":"https:\/\/karstorps.se\/index.php\/hem\/","title":{"rendered":"Hem"},"content":{"rendered":"\n<p>V\u00e4lkommen till din nya webbplats. Det h\u00e4r \u00e4r din startsida, som de flesta bes\u00f6karna kommer att se n\u00e4r de kommer till din webbplats f\u00f6r f\u00f6rsta g\u00e5ngen.<\/p>\n","protected":false},"excerpt":{"rendered":"<p>V\u00e4lkommen till din nya webbplats. Det h\u00e4r \u00e4r din startsida, som de flesta bes\u00f6karna kommer att se n\u00e4r de kommer till din webbplats f\u00f6r f\u00f6rsta g\u00e5ngen.<\/p>\n","protected":false},"author":1,"featured_media":0,"parent":0,"menu_order":0,"comment_status":"closed","ping_status":"closed","template":"","meta":{"inspiro_hide_title":false,"footnotes":""},"class_list":["post-12","page","type-page","status-publish","hentry"],"_links":{"self":[{"href":"https:\/\/karstorps.se\/index.php\/wp-json\/wp\/v2\/pages\/12","targetHints":{"allow":["GET"]}}],"collection":[{"href":"https:\/\/karstorps.se\/index.php\/wp-json\/wp\/v2\/pages"}],"about":[{"href":"https:\/\/karstorps.se\/index.php\/wp-json\/wp\/v2\/types\/page"}],"author":[{"embeddable":true,"href":"https:\/\/karstorps.se\/index.php\/wp-json\/wp\/v2\/users\/1"}],"replies":[{"embeddable":true,"href":"https:\/\/karstorps.se\/index.php\/wp-json\/wp\/v2\/comments?post=12"}],"version-history":[{"count":2,"href":"https:\/\/karstorps.se\/index.php\/wp-json\/wp\/v2\/pages\/12\/revisions"}],"predecessor-version":[{"id":35,"href":"https:\/\/karstorps.se\/index.php\/wp-json\/wp\/v2\/pages\/12\/revisions\/35"}],"wp:attachment":[{"href":"https:\/\/karstorps.se\/index.php\/wp-json\/wp\/v2\/media?parent=12"}],"curies":[{"name":"wp","href":"https:\/\/api.w.org\/{rel}","templated":true}]}}