{"id":51,"date":"2024-05-24T14:33:56","date_gmt":"2024-05-24T12:33:56","guid":{"rendered":"https:\/\/karstorps.se\/?page_id=51"},"modified":"2024-06-23T00:05:57","modified_gmt":"2024-06-22T22:05:57","slug":"slaktforskning","status":"publish","type":"page","link":"https:\/\/karstorps.se\/index.php\/slaktforskning\/","title":{"rendered":"Sl\u00e4ktforskning"},"content":{"rendered":"\n<p>Sidor p\u00e5 n\u00e4tet om sl\u00e4ktforskning eller annan historisk information:<\/p>\n\n\n\n<p><a href=\"https:\/\/sok.riksarkivet.se\/digitala-forskarsalen\">Riksarkivet<\/a><\/p>\n\n\n\n<p><a href=\"https:\/\/www.familysearch.org\/\">Familysearch<\/a><\/p>\n\n\n\n<p><a href=\"https:\/\/www.soldatreg.se\/\">Soldatregistret<\/a><\/p>\n\n\n\n<p><a href=\"https:\/\/www.slaktdata.org\">Sl\u00e4ktdata<\/a><\/p>\n\n\n\n<p><a href=\"https:\/\/ep.liu.se\/databaser.aspx\">Link\u00f6ping Universitet<\/a><\/p>\n\n\n\n<p><a href=\"https:\/\/historiskakartor.lantmateriet.se\/hk\/positionsearch?e=567993&amp;n=6491101\">Historiska kartor Karstorp<\/a><\/p>\n\n\n\n<p><a href=\"https:\/\/kartor.eniro.se\/?c=58.555975,16.168056&amp;z=15&amp;l=historic\">Karta med v\u00e4xling mellan nutid och d\u00e5tid<\/a><\/p>\n","protected":false},"excerpt":{"rendered":"<p>Sidor p\u00e5 n\u00e4tet om sl\u00e4ktforskning eller annan historisk information: Riksarkivet Familysearch Soldatregistret Sl\u00e4ktdata Link\u00f6ping Universitet Historiska kartor Karstorp Karta med v\u00e4xling mellan nutid och d\u00e5tid<\/p>\n","protected":false},"author":1,"featured_media":0,"parent":0,"menu_order":0,"comment_status":"closed","ping_status":"closed","template":"","meta":{"inspiro_hide_title":false,"footnotes":""},"class_list":["post-51","page","type-page","status-publish","hentry"],"_links":{"self":[{"href":"https:\/\/karstorps.se\/index.php\/wp-json\/wp\/v2\/pages\/51","targetHints":{"allow":["GET"]}}],"collection":[{"href":"https:\/\/karstorps.se\/index.php\/wp-json\/wp\/v2\/pages"}],"about":[{"href":"https:\/\/karstorps.se\/index.php\/wp-json\/wp\/v2\/types\/page"}],"author":[{"embeddable":true,"href":"https:\/\/karstorps.se\/index.php\/wp-json\/wp\/v2\/users\/1"}],"replies":[{"embeddable":true,"href":"https:\/\/karstorps.se\/index.php\/wp-json\/wp\/v2\/comments?post=51"}],"version-history":[{"count":8,"href":"https:\/\/karstorps.se\/index.php\/wp-json\/wp\/v2\/pages\/51\/revisions"}],"predecessor-version":[{"id":81,"href":"https:\/\/karstorps.se\/index.php\/wp-json\/wp\/v2\/pages\/51\/revisions\/81"}],"wp:attachment":[{"href":"https:\/\/karstorps.se\/index.php\/wp-json\/wp\/v2\/media?parent=51"}],"curies":[{"name":"wp","href":"https:\/\/api.w.org\/{rel}","templated":true}]}}